{"id":432,"date":"2024-01-31T17:06:10","date_gmt":"2024-01-31T16:06:10","guid":{"rendered":"https:\/\/defi-so.com\/?page_id=432"},"modified":"2025-05-28T11:05:05","modified_gmt":"2025-05-28T09:05:05","slug":"mentions-legales-defi","status":"publish","type":"page","link":"https:\/\/defi-so.com\/index.php\/mentions-legales-defi\/","title":{"rendered":"DEFI &#8211; Mentions l\u00e9gales &#8211;"},"content":{"rendered":"\t\t<div data-elementor-type=\"wp-page\" data-elementor-id=\"432\" class=\"elementor elementor-432\">\n\t\t\t\t<div class=\"elementor-element elementor-element-9c81abc e-flex e-con-boxed e-con e-parent\" data-id=\"9c81abc\" data-element_type=\"container\">\n\t\t\t\t\t<div class=\"e-con-inner\">\n\t\t\t\t<div class=\"elementor-element elementor-element-0fe1fd9 elementor-widget elementor-widget-heading\" data-id=\"0fe1fd9\" data-element_type=\"widget\" data-widget_type=\"heading.default\">\n\t\t\t\t<div class=\"elementor-widget-container\">\n\t\t\t<style>\/*! elementor - v3.23.0 - 05-08-2024 *\/\n.elementor-heading-title{padding:0;margin:0;line-height:1}.elementor-widget-heading .elementor-heading-title[class*=elementor-size-]>a{color:inherit;font-size:inherit;line-height:inherit}.elementor-widget-heading .elementor-heading-title.elementor-size-small{font-size:15px}.elementor-widget-heading .elementor-heading-title.elementor-size-medium{font-size:19px}.elementor-widget-heading .elementor-heading-title.elementor-size-large{font-size:29px}.elementor-widget-heading .elementor-heading-title.elementor-size-xl{font-size:39px}.elementor-widget-heading .elementor-heading-title.elementor-size-xxl{font-size:59px}<\/style><h2 class=\"elementor-heading-title elementor-size-default\">Mentions l\u00e9gales<\/h2>\t\t<\/div>\n\t\t\t\t<\/div>\n\t\t\t\t\t<\/div>\n\t\t\t\t<\/div>\n\t\t<div class=\"elementor-element elementor-element-7991ae6 e-flex e-con-boxed e-con e-parent\" data-id=\"7991ae6\" data-element_type=\"container\">\n\t\t\t\t\t<div class=\"e-con-inner\">\n\t\t\t\t<div class=\"elementor-element elementor-element-1a15310 elementor-widget elementor-widget-text-editor\" data-id=\"1a15310\" data-element_type=\"widget\" data-widget_type=\"text-editor.default\">\n\t\t\t\t<div class=\"elementor-widget-container\">\n\t\t\t<style>\/*! elementor - v3.23.0 - 05-08-2024 *\/\n.elementor-widget-text-editor.elementor-drop-cap-view-stacked .elementor-drop-cap{background-color:#69727d;color:#fff}.elementor-widget-text-editor.elementor-drop-cap-view-framed .elementor-drop-cap{color:#69727d;border:3px solid;background-color:transparent}.elementor-widget-text-editor:not(.elementor-drop-cap-view-default) .elementor-drop-cap{margin-top:8px}.elementor-widget-text-editor:not(.elementor-drop-cap-view-default) .elementor-drop-cap-letter{width:1em;height:1em}.elementor-widget-text-editor .elementor-drop-cap{float:left;text-align:center;line-height:1;font-size:50px}.elementor-widget-text-editor .elementor-drop-cap-letter{display:inline-block}<\/style>\t\t\t\t<p class=\"p1\"><span class=\"s1\">Conform\u00e9ment aux dispositions des Articles 6-III et 19 de la Loi n\u00b02004-575 du 21 juin 2004 pour la Confiance dans l\u2019\u00e9conomie num\u00e9rique, dite L.C.E.N., il est port\u00e9 \u00e0 la connaissance des utilisateurs et visiteurs, ci-apr\u00e8s <strong>\u00ab\u00a0l&rsquo;Utilisateur\u00a0\u00bb<\/strong>, du site <\/span><span class=\"s2\">www.defi-so.com\/.fr <\/span><span class=\"s1\">, ci-apr\u00e8s le \u00ab\u00a0<b>Site<\/b>\u00ab\u00a0, les pr\u00e9sentes mentions l\u00e9gales. <\/span><\/p><p class=\"p1\"><span class=\"s1\">La connexion et la navigation sur le Site par l\u2019Utilisateur implique acceptation int\u00e9grale et sans r\u00e9serve des pr\u00e9sentes mentions l\u00e9gales. <\/span><\/p><p class=\"p2\"><span class=\"s1\"><b>ARTICLE 1 &#8211; L&rsquo;EDITEUR <\/b><\/span><\/p><p class=\"p1\"><span class=\"s1\">L&rsquo;\u00e9dition du Site est assur\u00e9e par <\/span>:<br \/>DEFI SYST\u00c8MES D\u2019OUVERTURES<br \/>6, rue Madeleine Bras 33185 LE HAILLAN<br \/>T\u00e9l : 05 56 13 13 20<br \/>R.C.S.: Bordeaux B 529 318 487<br \/>Siret : 52931848700012<br \/><span class=\"s1\">au capital de _______________ euros,<\/span><\/p><p class=\"p1\"><span class=\"s1\">Immatricul\u00e9e au Registre du Commerce et des Soci\u00e9t\u00e9s de _______________ sous le num\u00e9ro _______________ dont le si\u00e8ge social est situ\u00e9 au _______________, <\/span><span class=\"s1\">N\u00b0 de TVA intracommunautaire : _______________ <br \/>Le Directeur de la publication est <\/span><span class=\"s3\">M. Paolo Bordin<\/span><span class=\"s1\">\u00a0<br \/><\/span><span class=\"s1\">Adresse e-mail : ppb@defi-so.com<\/span><\/p><p class=\"p1\">DEFI SYST\u00c8MES D\u2019OUVERTURES<br \/>Entreprise de menuiserie aluminium, bois, PVC en Nouvelle Aquitaine. <br \/>Certifi\u00e9e RGE.\u00a0<\/p><p class=\"p2\"><span class=\"s1\"><b>ARTICLE 2 &#8211; L&rsquo;HEBERGEUR <\/b><\/span><\/p><p class=\"p1\"><span class=\"s1\">L&rsquo;h\u00e9bergeur du Site est la soci\u00e9t\u00e9 OVH, dont le si\u00e8ge social est situ\u00e9 au<\/span><span class=\"s3\">OVH, 2 rue Kellermann &#8211; 59100 Roubaix &#8211; France<br \/><\/span>RCS Roubaix &#8211; Tourcoing 424 761 419 00011<br \/>Code APE 721Z<br \/>N\u00b0 TVA : FR 22 424 761 419<\/p><p class=\"p2\"><span class=\"s1\"><b>ARTICLE 3 &#8211; ACCES AU SITE <\/b><\/span><\/p><p class=\"p1\"><span class=\"s1\">Le Site est accessible en tout endroit, 7j\/7, 24h\/24 sauf cas de force majeure, interruption programm\u00e9e ou non et pouvant d\u00e9coulant d\u2019une n\u00e9cessit\u00e9 de maintenance. <br \/><\/span><span class=\"s1\">En cas de modification, interruption ou suspension du Site, l&rsquo;Editeur ne saurait \u00eatre tenu responsable. <\/span><\/p><p class=\"p2\"><span class=\"s1\"><b>ARTICLE 4 &#8211; COLLECTE DES DONNEES <\/b><\/span><\/p><p class=\"p1\"><span class=\"s1\">Le Site assure \u00e0 l&rsquo;Utilisateur une collecte et un traitement d&rsquo;informations personnelles dans le respect de la vie priv\u00e9e conform\u00e9ment \u00e0 la loi n\u00b078-17 du 6 janvier 1978 relative \u00e0 l&rsquo;informatique, aux fichiers et aux libert\u00e9s. <\/span><\/p><p class=\"p2\">DONN\u00c9ES PERSONNELLES<\/p><p class=\"p3\">L&rsquo;utilisateur du pr\u00e9sent site (ci-apr\u00e8s d\u00e9nomm\u00e9 \u00ab Utilisateur \u00bb) est inform\u00e9 que, lors de sa navigation sur le site www.douglas-fi.com (ci-apr\u00e8s d\u00e9nomm\u00e9 \u00ab Site \u00bb), des donn\u00e9es \u00e0 caract\u00e8re personnel le concernant sont collect\u00e9es et trait\u00e9es par Xbois.<\/p><p class=\"p3\">Ce traitement a fait l&rsquo;objet d&rsquo;une d\u00e9claration aupr\u00e8s de la Commission Nationale Informatique et Libert\u00e9s en application de la loi n\u00b078-17 du 6 janvier 1978 sous le num\u00e9ro [en cours].<\/p><p class=\"p3\">L&rsquo;Utilisateur du Site est inform\u00e9 que ses donn\u00e9es :<\/p><ul><li class=\"p3\">sont collect\u00e9es de mani\u00e8re loyale et licite ;<\/li><li class=\"p3\">sont collect\u00e9es pour des finalit\u00e9s d\u00e9termin\u00e9es, explicites et l\u00e9gitimes ;<\/li><li class=\"p3\">ne seront pas trait\u00e9es ult\u00e9rieurement de mani\u00e8re incompatible avec ces finalit\u00e9s ;<\/li><li class=\"p3\">sont ad\u00e9quates, pertinentes et non excessives au regard des finalit\u00e9s pour lesquelles elles sont collect\u00e9es et de leurs traitements ult\u00e9rieurs ;<\/li><li class=\"p3\">sont exactes et compl\u00e8tes ;<\/li><li class=\"p3\">sont conserv\u00e9es sous une forme permettant l&rsquo;identification des personnes concern\u00e9es pendant une dur\u00e9e qui n&rsquo;exc\u00e8de pas la dur\u00e9e n\u00e9cessaire aux finalit\u00e9s pour lesquelles elles sont collect\u00e9es et trait\u00e9es.<\/li><\/ul><p class=\"p1\">PROPRI\u00c9T\u00c9 INTELLECTUELLE<\/p><p class=\"p3\">Les \u00e9l\u00e9ments figurant au sein du pr\u00e9sent site, tels que sons, images, photographies, vid\u00e9os, \u00e9crits, animations, programmes, charte graphique, utilitaires, bases de donn\u00e9es, logiciel, sont prot\u00e9g\u00e9s par les dispositions du Code de la propri\u00e9t\u00e9 intellectuelle et appartiennent \u00e0 Douglas fermetures isolation.<\/p><p class=\"p3\">L&rsquo;utilisateur s&rsquo;interdit de porter atteinte aux droits de propri\u00e9t\u00e9 intellectuelle aff\u00e9rents \u00e0 ces \u00e9l\u00e9ments et notamment de les reproduire, repr\u00e9senter, modifier, adapter, traduire, d&rsquo;en extraire et\/ou r\u00e9utiliser une partie qualitativement ou quantitativement substantielle, \u00e0 l&rsquo;exclusion des actes n\u00e9cessaires \u00e0 leur usage normal et conforme.<\/p><p class=\"p1\"><span class=\"s1\">En vertu de la loi Informatique et Libert\u00e9s, en date du 6 janvier 1978, l&rsquo;Utilisateur dispose d&rsquo;un droit d&rsquo;acc\u00e8s, de rectification, de suppression et d&rsquo;opposition de ses donn\u00e9es personnelles. L&rsquo;Utilisateur exerce ce droit : <\/span><\/p><p class=\"p1\"><span class=\"s1\">Toute utilisation, reproduction, diffusion, commercialisation, modification de toute ou partie du Site, sans autorisation de l\u2019Editeur est prohib\u00e9e et pourra entra\u00een\u00e9e des actions et poursuites judiciaires telles que notamment pr\u00e9vues par le Code de la propri\u00e9t\u00e9 intellectuelle et le Code civil.<\/span><\/p><p>Site r\u00e9alis\u00e9 par : AR ATELIER (Alessia Castelli &#8211; Ruben Brunelot)<\/p>\t\t\t\t\t\t<\/div>\n\t\t\t\t<\/div>\n\t\t\t\t\t<\/div>\n\t\t\t\t<\/div>\n\t\t\t\t<\/div>\n\t\t","protected":false},"excerpt":{"rendered":"<p>Mentions l\u00e9gales Conform\u00e9ment aux dispositions des Articles 6-III et 19 de la Loi n\u00b02004-575 du 21 juin 2004 pour la Confiance dans l\u2019\u00e9conomie num\u00e9rique, dite L.C.E.N., il est port\u00e9 \u00e0 la connaissance des utilisateurs et visiteurs, ci-apr\u00e8s \u00ab\u00a0l&rsquo;Utilisateur\u00a0\u00bb, du site www.defi-so.com\/.fr , ci-apr\u00e8s le \u00ab\u00a0Site\u00ab\u00a0, les pr\u00e9sentes mentions l\u00e9gales. La connexion et la navigation sur [&hellip;]<\/p>\n","protected":false},"author":1,"featured_media":0,"parent":0,"menu_order":0,"comment_status":"closed","ping_status":"closed","template":"elementor_header_footer","meta":{"inline_featured_image":false,"footnotes":""},"class_list":["post-432","page","type-page","status-publish","hentry","entry"],"yoast_head":"<!-- This site is optimized with the Yoast SEO plugin v23.3 - https:\/\/yoast.com\/wordpress\/plugins\/seo\/ -->\n<title>DEFI - Mentions l\u00e9gales - DEFI - Syst\u00e8mes d\u2019ouvertures - Sud Ouest<\/title>\n<meta name=\"robots\" content=\"index, follow, max-snippet:-1, max-image-preview:large, max-video-preview:-1\" \/>\n<link rel=\"canonical\" href=\"https:\/\/defi-so.com\/index.php\/mentions-legales-defi\/\" \/>\n<meta property=\"og:locale\" content=\"fr_FR\" \/>\n<meta property=\"og:type\" content=\"article\" \/>\n<meta property=\"og:title\" content=\"DEFI - Mentions l\u00e9gales - DEFI - Syst\u00e8mes d\u2019ouvertures - Sud Ouest\" \/>\n<meta property=\"og:description\" content=\"Mentions l\u00e9gales Conform\u00e9ment aux dispositions des Articles 6-III et 19 de la Loi n\u00b02004-575 du 21 juin 2004 pour la Confiance dans l\u2019\u00e9conomie num\u00e9rique, dite L.C.E.N., il est port\u00e9 \u00e0 la connaissance des utilisateurs et visiteurs, ci-apr\u00e8s \u00ab\u00a0l&rsquo;Utilisateur\u00a0\u00bb, du site www.defi-so.com\/.fr , ci-apr\u00e8s le \u00ab\u00a0Site\u00ab\u00a0, les pr\u00e9sentes mentions l\u00e9gales. La connexion et la navigation sur [&hellip;]\" \/>\n<meta property=\"og:url\" content=\"https:\/\/defi-so.com\/index.php\/mentions-legales-defi\/\" \/>\n<meta property=\"og:site_name\" content=\"DEFI - Syst\u00e8mes d\u2019ouvertures - Sud Ouest\" \/>\n<meta property=\"article:modified_time\" content=\"2025-05-28T09:05:05+00:00\" \/>\n<meta name=\"twitter:card\" content=\"summary_large_image\" \/>\n<meta name=\"twitter:label1\" content=\"Dur\u00e9e de lecture estim\u00e9e\" \/>\n\t<meta name=\"twitter:data1\" content=\"4 minutes\" \/>\n<script type=\"application\/ld+json\" class=\"yoast-schema-graph\">{\"@context\":\"https:\/\/schema.org\",\"@graph\":[{\"@type\":\"WebPage\",\"@id\":\"https:\/\/defi-so.com\/index.php\/mentions-legales-defi\/\",\"url\":\"https:\/\/defi-so.com\/index.php\/mentions-legales-defi\/\",\"name\":\"DEFI - Mentions l\u00e9gales - DEFI - Syst\u00e8mes d\u2019ouvertures - Sud Ouest\",\"isPartOf\":{\"@id\":\"https:\/\/defi-so.com\/#website\"},\"datePublished\":\"2024-01-31T16:06:10+00:00\",\"dateModified\":\"2025-05-28T09:05:05+00:00\",\"breadcrumb\":{\"@id\":\"https:\/\/defi-so.com\/index.php\/mentions-legales-defi\/#breadcrumb\"},\"inLanguage\":\"fr-FR\",\"potentialAction\":[{\"@type\":\"ReadAction\",\"target\":[\"https:\/\/defi-so.com\/index.php\/mentions-legales-defi\/\"]}]},{\"@type\":\"BreadcrumbList\",\"@id\":\"https:\/\/defi-so.com\/index.php\/mentions-legales-defi\/#breadcrumb\",\"itemListElement\":[{\"@type\":\"ListItem\",\"position\":1,\"name\":\"Accueil\",\"item\":\"https:\/\/defi-so.com\/\"},{\"@type\":\"ListItem\",\"position\":2,\"name\":\"DEFI &#8211; Mentions l\u00e9gales &#8211;\"}]},{\"@type\":\"WebSite\",\"@id\":\"https:\/\/defi-so.com\/#website\",\"url\":\"https:\/\/defi-so.com\/\",\"name\":\"DEFI - Syst\u00e8mes d\u2019ouvertures - Sud Ouest\",\"description\":\"Menuiserie aluminium, bois, pvc - Fabrication locale - Savoir faire artisanal\",\"potentialAction\":[{\"@type\":\"SearchAction\",\"target\":{\"@type\":\"EntryPoint\",\"urlTemplate\":\"https:\/\/defi-so.com\/?s={search_term_string}\"},\"query-input\":\"required name=search_term_string\"}],\"inLanguage\":\"fr-FR\"}]}<\/script>\n<!-- \/ Yoast SEO plugin. -->","yoast_head_json":{"title":"DEFI - Mentions l\u00e9gales - DEFI - Syst\u00e8mes d\u2019ouvertures - Sud Ouest","robots":{"index":"index","follow":"follow","max-snippet":"max-snippet:-1","max-image-preview":"max-image-preview:large","max-video-preview":"max-video-preview:-1"},"canonical":"https:\/\/defi-so.com\/index.php\/mentions-legales-defi\/","og_locale":"fr_FR","og_type":"article","og_title":"DEFI - Mentions l\u00e9gales - DEFI - Syst\u00e8mes d\u2019ouvertures - Sud Ouest","og_description":"Mentions l\u00e9gales Conform\u00e9ment aux dispositions des Articles 6-III et 19 de la Loi n\u00b02004-575 du 21 juin 2004 pour la Confiance dans l\u2019\u00e9conomie num\u00e9rique, dite L.C.E.N., il est port\u00e9 \u00e0 la connaissance des utilisateurs et visiteurs, ci-apr\u00e8s \u00ab\u00a0l&rsquo;Utilisateur\u00a0\u00bb, du site www.defi-so.com\/.fr , ci-apr\u00e8s le \u00ab\u00a0Site\u00ab\u00a0, les pr\u00e9sentes mentions l\u00e9gales. La connexion et la navigation sur [&hellip;]","og_url":"https:\/\/defi-so.com\/index.php\/mentions-legales-defi\/","og_site_name":"DEFI - Syst\u00e8mes d\u2019ouvertures - Sud Ouest","article_modified_time":"2025-05-28T09:05:05+00:00","twitter_card":"summary_large_image","twitter_misc":{"Dur\u00e9e de lecture estim\u00e9e":"4 minutes"},"schema":{"@context":"https:\/\/schema.org","@graph":[{"@type":"WebPage","@id":"https:\/\/defi-so.com\/index.php\/mentions-legales-defi\/","url":"https:\/\/defi-so.com\/index.php\/mentions-legales-defi\/","name":"DEFI - Mentions l\u00e9gales - DEFI - Syst\u00e8mes d\u2019ouvertures - Sud Ouest","isPartOf":{"@id":"https:\/\/defi-so.com\/#website"},"datePublished":"2024-01-31T16:06:10+00:00","dateModified":"2025-05-28T09:05:05+00:00","breadcrumb":{"@id":"https:\/\/defi-so.com\/index.php\/mentions-legales-defi\/#breadcrumb"},"inLanguage":"fr-FR","potentialAction":[{"@type":"ReadAction","target":["https:\/\/defi-so.com\/index.php\/mentions-legales-defi\/"]}]},{"@type":"BreadcrumbList","@id":"https:\/\/defi-so.com\/index.php\/mentions-legales-defi\/#breadcrumb","itemListElement":[{"@type":"ListItem","position":1,"name":"Accueil","item":"https:\/\/defi-so.com\/"},{"@type":"ListItem","position":2,"name":"DEFI &#8211; Mentions l\u00e9gales &#8211;"}]},{"@type":"WebSite","@id":"https:\/\/defi-so.com\/#website","url":"https:\/\/defi-so.com\/","name":"DEFI - Syst\u00e8mes d\u2019ouvertures - Sud Ouest","description":"Menuiserie aluminium, bois, pvc - Fabrication locale - Savoir faire artisanal","potentialAction":[{"@type":"SearchAction","target":{"@type":"EntryPoint","urlTemplate":"https:\/\/defi-so.com\/?s={search_term_string}"},"query-input":"required name=search_term_string"}],"inLanguage":"fr-FR"}]}},"_links":{"self":[{"href":"https:\/\/defi-so.com\/index.php\/wp-json\/wp\/v2\/pages\/432","targetHints":{"allow":["GET"]}}],"collection":[{"href":"https:\/\/defi-so.com\/index.php\/wp-json\/wp\/v2\/pages"}],"about":[{"href":"https:\/\/defi-so.com\/index.php\/wp-json\/wp\/v2\/types\/page"}],"author":[{"embeddable":true,"href":"https:\/\/defi-so.com\/index.php\/wp-json\/wp\/v2\/users\/1"}],"replies":[{"embeddable":true,"href":"https:\/\/defi-so.com\/index.php\/wp-json\/wp\/v2\/comments?post=432"}],"version-history":[{"count":43,"href":"https:\/\/defi-so.com\/index.php\/wp-json\/wp\/v2\/pages\/432\/revisions"}],"predecessor-version":[{"id":1266,"href":"https:\/\/defi-so.com\/index.php\/wp-json\/wp\/v2\/pages\/432\/revisions\/1266"}],"wp:attachment":[{"href":"https:\/\/defi-so.com\/index.php\/wp-json\/wp\/v2\/media?parent=432"}],"curies":[{"name":"wp","href":"https:\/\/api.w.org\/{rel}","templated":true}]}}